{"id":2074,"date":"2025-10-26T19:28:52","date_gmt":"2025-10-26T19:28:52","guid":{"rendered":"https:\/\/www.iliclegal.rs\/?page_id=2074"},"modified":"2025-10-30T16:16:34","modified_gmt":"2025-10-30T16:16:34","slug":"sports-law","status":"publish","type":"page","link":"https:\/\/www.iliclegal.rs\/sr\/sports-law\/","title":{"rendered":"Sportsko pravo"},"content":{"rendered":"<div data-elementor-type=\"wp-page\" data-elementor-id=\"2074\" class=\"elementor elementor-2074\">\n\t\t\t\t<div class=\"elementor-element elementor-element-6d36c18 e-flex e-con-boxed e-con e-parent\" data-id=\"6d36c18\" data-element_type=\"container\">\n\t\t\t\t\t<div class=\"e-con-inner\">\n\t\t\t\t<div class=\"elementor-element elementor-element-397e60f2 elementor-widget elementor-widget-text-editor\" data-id=\"397e60f2\" data-element_type=\"widget\" data-widget_type=\"text-editor.default\">\n\t\t\t\t\t\t\t\t\t\n<p><\/p>\n\n\n\n<p><\/p>\n\t\t\t\t\t\t\t\t<\/div>\n\t\t\t\t\t<\/div>\n\t\t\t\t<\/div>\n\t\t<div class=\"elementor-element elementor-element-878d87f e-flex e-con-boxed elementor-invisible e-con e-parent\" data-id=\"878d87f\" data-element_type=\"container\" data-settings=\"{&quot;animation&quot;:&quot;fadeInDown&quot;}\">\n\t\t\t\t\t<div class=\"e-con-inner\">\n\t\t<div class=\"elementor-element elementor-element-0eeb41d e-con-full e-flex e-con e-child\" data-id=\"0eeb41d\" data-element_type=\"container\">\n\t\t\t\t<div class=\"elementor-element elementor-element-e6c6a86 elementor-widget elementor-widget-image\" data-id=\"e6c6a86\" data-element_type=\"widget\" data-widget_type=\"image.default\">\n\t\t\t\t\t\t\t\t\t\t\t\t\t\t\t<img fetchpriority=\"high\" decoding=\"async\" width=\"467\" height=\"350\" src=\"https:\/\/www.iliclegal.rs\/wp-content\/uploads\/2025\/10\/pexels-photo-863988-863988.jpg\" class=\"attachment-large size-large wp-image-2080\" alt=\"Top view of a swimmer wearing a cap, performing a front crawl stroke in a clear blue swimming pool.\" srcset=\"https:\/\/www.iliclegal.rs\/wp-content\/uploads\/2025\/10\/pexels-photo-863988-863988.jpg 467w, https:\/\/www.iliclegal.rs\/wp-content\/uploads\/2025\/10\/pexels-photo-863988-863988-300x225.jpg 300w, https:\/\/www.iliclegal.rs\/wp-content\/uploads\/2025\/10\/pexels-photo-863988-863988-16x12.jpg 16w\" sizes=\"100vw\" \/>\t\t\t\t\t\t\t\t\t\t\t\t\t\t\t<\/div>\n\t\t\t\t<\/div>\n\t\t<div class=\"elementor-element elementor-element-2072915 e-con-full e-flex e-con e-child\" data-id=\"2072915\" data-element_type=\"container\">\n\t\t\t\t<div class=\"elementor-element elementor-element-73bcf01 elementor-widget elementor-widget-text-editor\" data-id=\"73bcf01\" data-element_type=\"widget\" data-widget_type=\"text-editor.default\">\n\t\t\t\t\t\t\t\t\t<p>Posebno smo ponosni na \u010dinjenicu da smo pravni zastupnici jednog od najboljih vaterpolo timova na svetu.<\/p>\n<p>Na\u0161 pravni tim pru\u017ea podr\u0161ku u svim sferama, po\u010dev od osnivanja sportskih klubova, do izrade profesionalnih ugovora sa igra\u010dima i trenerima, kao i izrada razli\u010ditih sponzorskih ugovora.<\/p>\t\t\t\t\t\t\t\t<\/div>\n\t\t\t\t<\/div>\n\t\t\t\t\t<\/div>\n\t\t\t\t<\/div>\n\t\t\t\t<\/div>","protected":false},"excerpt":{"rendered":"<p>We are especially proud of the fact that we are the legal representatives of one of the best water polo teams in the world. Our legal team provides support in all spheres, starting from the establishment of sports clubs, to the drafting of professional contracts with players and coaches, as well as the drafting of &hellip; <\/p>\n<p class=\"link-more\"><a href=\"https:\/\/www.iliclegal.rs\/sr\/sports-law\/\" class=\"more-link\">Read more<span class=\"screen-reader-text\"> &#8220;Sports law&#8221;<\/span><\/a><\/p>","protected":false},"author":1,"featured_media":0,"parent":0,"menu_order":0,"comment_status":"closed","ping_status":"closed","template":"","meta":{"om_disable_all_campaigns":false,"inline_featured_image":false,"_uag_custom_page_level_css":"","_monsterinsights_skip_tracking":false,"_monsterinsights_sitenote_active":false,"_monsterinsights_sitenote_note":"","_monsterinsights_sitenote_category":0,"_uf_show_specific_survey":0,"_uf_disable_surveys":false,"footnotes":""},"categories":[],"tags":[],"class_list":["post-2074","page","type-page","status-publish","hentry"],"aioseo_notices":[],"uagb_featured_image_src":{"full":false,"thumbnail":false,"medium":false,"medium_large":false,"large":false,"wptexture_category_image":false,"1536x1536":false,"2048x2048":false,"trp-custom-language-flag":false,"inspiro-featured-image":false,"inspiro-loop":false,"inspiro-loop@2x":false,"bdpp-medium":false},"uagb_author_info":{"display_name":"iliclegal.rs","author_link":"https:\/\/www.iliclegal.rs\/sr\/author\/iliclegal-rs\/"},"uagb_comment_info":0,"uagb_excerpt":"We are especially proud of the fact that we are the legal representatives of one of the best water polo teams in the world. Our legal team provides support in all spheres, starting from the establishment of sports clubs, to the drafting of professional contracts with players and coaches, as well as the drafting of&hellip;","_links":{"self":[{"href":"https:\/\/www.iliclegal.rs\/sr\/wp-json\/wp\/v2\/pages\/2074","targetHints":{"allow":["GET"]}}],"collection":[{"href":"https:\/\/www.iliclegal.rs\/sr\/wp-json\/wp\/v2\/pages"}],"about":[{"href":"https:\/\/www.iliclegal.rs\/sr\/wp-json\/wp\/v2\/types\/page"}],"author":[{"embeddable":true,"href":"https:\/\/www.iliclegal.rs\/sr\/wp-json\/wp\/v2\/users\/1"}],"replies":[{"embeddable":true,"href":"https:\/\/www.iliclegal.rs\/sr\/wp-json\/wp\/v2\/comments?post=2074"}],"version-history":[{"count":10,"href":"https:\/\/www.iliclegal.rs\/sr\/wp-json\/wp\/v2\/pages\/2074\/revisions"}],"predecessor-version":[{"id":2398,"href":"https:\/\/www.iliclegal.rs\/sr\/wp-json\/wp\/v2\/pages\/2074\/revisions\/2398"}],"wp:attachment":[{"href":"https:\/\/www.iliclegal.rs\/sr\/wp-json\/wp\/v2\/media?parent=2074"}],"wp:term":[{"taxonomy":"category","embeddable":true,"href":"https:\/\/www.iliclegal.rs\/sr\/wp-json\/wp\/v2\/categories?post=2074"},{"taxonomy":"post_tag","embeddable":true,"href":"https:\/\/www.iliclegal.rs\/sr\/wp-json\/wp\/v2\/tags?post=2074"}],"curies":[{"name":"wp","href":"https:\/\/api.w.org\/{rel}","templated":true}]}}