{"id":609,"date":"2025-10-25T11:50:33","date_gmt":"2025-10-25T11:50:33","guid":{"rendered":"https:\/\/www.iliclegal.rs\/?page_id=609"},"modified":"2025-11-04T06:20:39","modified_gmt":"2025-11-04T06:20:39","slug":"about-us","status":"publish","type":"page","link":"https:\/\/www.iliclegal.rs\/sr\/about-us\/","title":{"rendered":"O nama"},"content":{"rendered":"<div data-elementor-type=\"wp-page\" data-elementor-id=\"609\" class=\"elementor elementor-609\">\n\t\t\t\t<div class=\"elementor-element elementor-element-11d0f32 e-flex e-con-boxed e-con e-parent\" data-id=\"11d0f32\" data-element_type=\"container\">\n\t\t\t\t\t<div class=\"e-con-inner\">\n\t\t\t\t<div class=\"elementor-element elementor-element-89e21a4 elementor-widget-divider--view-line elementor-widget elementor-widget-divider\" data-id=\"89e21a4\" data-element_type=\"widget\" data-widget_type=\"divider.default\">\n\t\t\t\t\t\t\t<div class=\"elementor-divider\">\n\t\t\t<span class=\"elementor-divider-separator\">\n\t\t\t\t\t\t<\/span>\n\t\t<\/div>\n\t\t\t\t\t\t<\/div>\n\t\t\t\t\t<\/div>\n\t\t\t\t<\/div>\n\t\t<div class=\"elementor-element elementor-element-bb3dfef e-flex e-con-boxed elementor-invisible e-con e-parent\" data-id=\"bb3dfef\" data-element_type=\"container\" data-settings=\"{&quot;animation&quot;:&quot;fadeIn&quot;}\">\n\t\t\t\t\t<div class=\"e-con-inner\">\n\t\t<div class=\"elementor-element elementor-element-e8f4bba e-con-full e-flex e-con e-child\" data-id=\"e8f4bba\" data-element_type=\"container\">\n\t\t\t\t<\/div>\n\t\t<div class=\"elementor-element elementor-element-61068c6 e-con-full e-flex e-con e-child\" data-id=\"61068c6\" data-element_type=\"container\">\n\t\t<div class=\"elementor-element elementor-element-75a0220 e-con-full e-flex e-con e-child\" data-id=\"75a0220\" data-element_type=\"container\">\n\t\t\t\t<div class=\"elementor-element elementor-element-b6f53ab elementor-widget elementor-widget-text-editor\" data-id=\"b6f53ab\" data-element_type=\"widget\" data-widget_type=\"text-editor.default\">\n\t\t\t\t\t\t\t\t\t<p>Milo\u0161 Ili\u0107 je advokat i osniva\u010d advokatske kancelarije specijalizovane za korporativno pravo. Sa bogatim iskustvom u savetovanju domac\u0301ih i me\u0111unarodnih klijenata, u privatnom i javnom sektoru, pru\u017ea strate\u0161ku pravnu podr\u0161ku u oblastima kao \u0161to su osnivanje kompanija, spajanja i akvizicije, korporativno upravljanje, radno pravo, imovinsko pravo, naplata  dugova, parnice i uskla\u0111enost sa propisima, kao i sportsko pravo.<\/p><p>Milo\u0161, kombinuje bogato pravno iskustvo sa prakti\u010dnim razumevanjem poslovnih operacija, \u0161to mu omoguc\u0301ava da pru\u017ei efikasna i rezultatski orijentisana re\u0161enja.<\/p><p><strong>Oblasti prava<\/strong><\/p><ol><li>Pravo nepokretnosti i gra\u0111enje<\/li><li>Korporativno i ugovorno pravo<\/li><li>Radno pravo<\/li><li>Parnica i izvr\u0161enja<\/li><li>Sportsko pravo<\/li><li>Bankarstvo i finansije<\/li><\/ol><p><strong>Obrazovanje<\/strong><\/p><p>Pravni fakultet Univerziteta u Beogradu<\/p><p><strong>\u010clanstva<\/strong><\/p><p>Advokatska Komora Beograda\u00a0<\/p><p>Advokatska Komora Srbije<\/p>\t\t\t\t\t\t\t\t<\/div>\n\t\t\t\t<div class=\"elementor-element elementor-element-17a9ab7 elementor-shape-rounded elementor-grid-0 e-grid-align-center elementor-widget elementor-widget-social-icons\" data-id=\"17a9ab7\" data-element_type=\"widget\" data-widget_type=\"social-icons.default\">\n\t\t\t\t\t\t\t<div class=\"elementor-social-icons-wrapper elementor-grid\">\n\t\t\t\t\t\t\t<span class=\"elementor-grid-item\">\n\t\t\t\t\t<a class=\"elementor-icon elementor-social-icon elementor-social-icon-linkedin elementor-repeater-item-cebed7a\" href=\"https:\/\/www.linkedin.com\/in\/milo%C5%A1-ili%C4%87-75b05aa8\/\" target=\"_blank\">\n\t\t\t\t\t\t<span class=\"elementor-screen-only\">Linkedin<\/span>\n\t\t\t\t\t\t<svg aria-hidden=\"true\" class=\"e-font-icon-svg e-fab-linkedin\" viewbox=\"0 0 448 512\" xmlns=\"http:\/\/www.w3.org\/2000\/svg\"><path d=\"M416 32H31.9C14.3 32 0 46.5 0 64.3v383.4C0 465.5 14.3 480 31.9 480H416c17.6 0 32-14.5 32-32.3V64.3c0-17.8-14.4-32.3-32-32.3zM135.4 416H69V202.2h66.5V416zm-33.2-243c-21.3 0-38.5-17.3-38.5-38.5S80.9 96 102.2 96c21.2 0 38.5 17.3 38.5 38.5 0 21.3-17.2 38.5-38.5 38.5zm282.1 243h-66.4V312c0-24.8-.5-56.7-34.5-56.7-34.6 0-39.9 27-39.9 54.9V416h-66.4V202.2h63.7v29.2h.9c8.9-16.8 30.6-34.5 62.9-34.5 67.2 0 79.7 44.3 79.7 101.9V416z\"><\/path><\/svg>\t\t\t\t\t<\/a>\n\t\t\t\t<\/span>\n\t\t\t\t\t<\/div>\n\t\t\t\t\t\t<\/div>\n\t\t\t\t<\/div>\n\t\t\t\t<\/div>\n\t\t\t\t\t<\/div>\n\t\t\t\t<\/div>\n\t\t\t\t<\/div>","protected":false},"excerpt":{"rendered":"<p>Milo\u0161 Ili\u0107 is an attorney at law and founder of a law office specializing in corporate law. With extensive experience advising both domestic and international clients, across the private and public sectors, he provides strategic legal support in areas such as company formation, mergers and acquisitions, corporate governance, employment, real estate, debt collection, litigation, and &hellip; <\/p>\n<p class=\"link-more\"><a href=\"https:\/\/www.iliclegal.rs\/sr\/about-us\/\" class=\"more-link\">Read more<span class=\"screen-reader-text\"> &#8220;About us&#8221;<\/span><\/a><\/p>","protected":false},"author":1,"featured_media":0,"parent":0,"menu_order":0,"comment_status":"closed","ping_status":"closed","template":"","meta":{"om_disable_all_campaigns":false,"inline_featured_image":false,"_uag_custom_page_level_css":"","_monsterinsights_skip_tracking":false,"_monsterinsights_sitenote_active":false,"_monsterinsights_sitenote_note":"","_monsterinsights_sitenote_category":0,"_uf_show_specific_survey":0,"_uf_disable_surveys":false,"footnotes":""},"categories":[],"tags":[],"class_list":["post-609","page","type-page","status-publish","hentry"],"aioseo_notices":[],"uagb_featured_image_src":{"full":false,"thumbnail":false,"medium":false,"medium_large":false,"large":false,"wptexture_category_image":false,"1536x1536":false,"2048x2048":false,"trp-custom-language-flag":false,"inspiro-featured-image":false,"inspiro-loop":false,"inspiro-loop@2x":false,"bdpp-medium":false},"uagb_author_info":{"display_name":"iliclegal.rs","author_link":"https:\/\/www.iliclegal.rs\/sr\/author\/iliclegal-rs\/"},"uagb_comment_info":0,"uagb_excerpt":"Milo\u0161 Ili\u0107 is an attorney at law and founder of a law office specializing in corporate law. With extensive experience advising both domestic and international clients, across the private and public sectors, he provides strategic legal support in areas such as company formation, mergers and acquisitions, corporate governance, employment, real estate, debt collection, litigation, and&hellip;","_links":{"self":[{"href":"https:\/\/www.iliclegal.rs\/sr\/wp-json\/wp\/v2\/pages\/609","targetHints":{"allow":["GET"]}}],"collection":[{"href":"https:\/\/www.iliclegal.rs\/sr\/wp-json\/wp\/v2\/pages"}],"about":[{"href":"https:\/\/www.iliclegal.rs\/sr\/wp-json\/wp\/v2\/types\/page"}],"author":[{"embeddable":true,"href":"https:\/\/www.iliclegal.rs\/sr\/wp-json\/wp\/v2\/users\/1"}],"replies":[{"embeddable":true,"href":"https:\/\/www.iliclegal.rs\/sr\/wp-json\/wp\/v2\/comments?post=609"}],"version-history":[{"count":356,"href":"https:\/\/www.iliclegal.rs\/sr\/wp-json\/wp\/v2\/pages\/609\/revisions"}],"predecessor-version":[{"id":4047,"href":"https:\/\/www.iliclegal.rs\/sr\/wp-json\/wp\/v2\/pages\/609\/revisions\/4047"}],"wp:attachment":[{"href":"https:\/\/www.iliclegal.rs\/sr\/wp-json\/wp\/v2\/media?parent=609"}],"wp:term":[{"taxonomy":"category","embeddable":true,"href":"https:\/\/www.iliclegal.rs\/sr\/wp-json\/wp\/v2\/categories?post=609"},{"taxonomy":"post_tag","embeddable":true,"href":"https:\/\/www.iliclegal.rs\/sr\/wp-json\/wp\/v2\/tags?post=609"}],"curies":[{"name":"wp","href":"https:\/\/api.w.org\/{rel}","templated":true}]}}