{"id":627,"date":"2025-10-25T11:53:34","date_gmt":"2025-10-25T11:53:34","guid":{"rendered":"https:\/\/www.iliclegal.rs\/?page_id=627"},"modified":"2025-10-27T09:00:09","modified_gmt":"2025-10-27T09:00:09","slug":"corporate-commercial","status":"publish","type":"page","link":"https:\/\/www.iliclegal.rs\/sr\/corporate-commercial\/","title":{"rendered":"Privredno pravo i ugovorno pravo"},"content":{"rendered":"<div data-elementor-type=\"wp-page\" data-elementor-id=\"627\" class=\"elementor elementor-627\">\n\t\t\t\t<div class=\"elementor-element elementor-element-6cd0d87 e-flex e-con-boxed elementor-invisible e-con e-parent\" data-id=\"6cd0d87\" data-element_type=\"container\" data-settings=\"{&quot;animation&quot;:&quot;fadeIn&quot;}\">\n\t\t\t\t\t<div class=\"e-con-inner\">\n\t\t<div class=\"elementor-element elementor-element-1edf851 e-con-full e-flex e-con e-child\" data-id=\"1edf851\" data-element_type=\"container\">\n\t\t\t\t<div class=\"elementor-element elementor-element-34ee715 elementor-widget elementor-widget-text-editor\" data-id=\"34ee715\" data-element_type=\"widget\" data-widget_type=\"text-editor.default\">\n\t\t\t\t\t\t\t\t\t<p>Ili\u0107 Milo\u0161 advokatska kancelarija prepoznaje da se u modernom poslovnom svetu kompanije suo\u010davaju s nizom pravnih i regulatornih izazova.\u00a0<\/p><p>Razumevanje poslovanja svake kompanije klju\u010dno je za dono\u0161enje ispravnih odluka i identifikaciju potencijalnih rizika.\u00a0<\/p><p>U skladu s tim, pru\u017eamo sveobuhvatne usluge pravnog savetovanja, po\u010dev od osnivanja privrednih dru\u0161tava, preko uskla\u0111enosti poslovanja (compliance), do svih vrsta statusnih promena<\/p>\t\t\t\t\t\t\t\t<\/div>\n\t\t\t\t<\/div>\n\t\t<div class=\"elementor-element elementor-element-db41695 e-con-full e-flex e-con e-child\" data-id=\"db41695\" data-element_type=\"container\">\n\t\t\t\t<div class=\"elementor-element elementor-element-526155d elementor-widget elementor-widget-image\" data-id=\"526155d\" data-element_type=\"widget\" data-widget_type=\"image.default\">\n\t\t\t\t\t\t\t\t\t\t\t\t\t\t\t<img fetchpriority=\"high\" decoding=\"async\" width=\"950\" height=\"634\" src=\"https:\/\/www.iliclegal.rs\/wp-content\/uploads\/2025\/10\/confident-professional-adult-businesspeople-meeting-outdoors-content-business-man-woman-suit-listening-boss-smiling-teamwork-negotiation-partnership-concept-1024x683.jpg\" class=\"attachment-large size-large wp-image-959\" alt=\"\" srcset=\"https:\/\/www.iliclegal.rs\/wp-content\/uploads\/2025\/10\/confident-professional-adult-businesspeople-meeting-outdoors-content-business-man-woman-suit-listening-boss-smiling-teamwork-negotiation-partnership-concept-1024x683.jpg 1024w, https:\/\/www.iliclegal.rs\/wp-content\/uploads\/2025\/10\/confident-professional-adult-businesspeople-meeting-outdoors-content-business-man-woman-suit-listening-boss-smiling-teamwork-negotiation-partnership-concept-300x200.jpg 300w, https:\/\/www.iliclegal.rs\/wp-content\/uploads\/2025\/10\/confident-professional-adult-businesspeople-meeting-outdoors-content-business-man-woman-suit-listening-boss-smiling-teamwork-negotiation-partnership-concept-768x512.jpg 768w, https:\/\/www.iliclegal.rs\/wp-content\/uploads\/2025\/10\/confident-professional-adult-businesspeople-meeting-outdoors-content-business-man-woman-suit-listening-boss-smiling-teamwork-negotiation-partnership-concept-1536x1024.jpg 1536w, https:\/\/www.iliclegal.rs\/wp-content\/uploads\/2025\/10\/confident-professional-adult-businesspeople-meeting-outdoors-content-business-man-woman-suit-listening-boss-smiling-teamwork-negotiation-partnership-concept-2048x1366.jpg 2048w, https:\/\/www.iliclegal.rs\/wp-content\/uploads\/2025\/10\/confident-professional-adult-businesspeople-meeting-outdoors-content-business-man-woman-suit-listening-boss-smiling-teamwork-negotiation-partnership-concept-scaled-18x12.jpg 18w, https:\/\/www.iliclegal.rs\/wp-content\/uploads\/2025\/10\/confident-professional-adult-businesspeople-meeting-outdoors-content-business-man-woman-suit-listening-boss-smiling-teamwork-negotiation-partnership-concept-scaled-2000x1334.jpg 2000w\" sizes=\"100vw\" \/>\t\t\t\t\t\t\t\t\t\t\t\t\t\t\t<\/div>\n\t\t\t\t<\/div>\n\t\t\t\t\t<\/div>\n\t\t\t\t<\/div>\n\t\t\t\t<\/div>","protected":false},"excerpt":{"rendered":"<p>The Ili\u0107 Milo\u0161 law office recognizes that in the modern business world, companies face a number of legal and regulatory challenges.\u00a0 Understanding each company&#8217;s business is key to making the right decisions and identifying potential risks.\u00a0 Accordingly, we provide comprehensive legal consulting services, starting with the establishment of companies, through business compliance, to all kinds &hellip; <\/p>\n<p class=\"link-more\"><a href=\"https:\/\/www.iliclegal.rs\/sr\/corporate-commercial\/\" class=\"more-link\">Read more<span class=\"screen-reader-text\"> &#8220;Corporate &#038; Commercial&#8221;<\/span><\/a><\/p>","protected":false},"author":1,"featured_media":0,"parent":0,"menu_order":0,"comment_status":"closed","ping_status":"closed","template":"","meta":{"om_disable_all_campaigns":false,"inline_featured_image":false,"_uag_custom_page_level_css":"","_monsterinsights_skip_tracking":false,"_monsterinsights_sitenote_active":false,"_monsterinsights_sitenote_note":"","_monsterinsights_sitenote_category":0,"_uf_show_specific_survey":0,"_uf_disable_surveys":false,"footnotes":""},"categories":[],"tags":[],"class_list":["post-627","page","type-page","status-publish","hentry"],"aioseo_notices":[],"uagb_featured_image_src":{"full":false,"thumbnail":false,"medium":false,"medium_large":false,"large":false,"wptexture_category_image":false,"1536x1536":false,"2048x2048":false,"trp-custom-language-flag":false,"inspiro-featured-image":false,"inspiro-loop":false,"inspiro-loop@2x":false,"bdpp-medium":false},"uagb_author_info":{"display_name":"iliclegal.rs","author_link":"https:\/\/www.iliclegal.rs\/sr\/author\/iliclegal-rs\/"},"uagb_comment_info":0,"uagb_excerpt":"The Ili\u0107 Milo\u0161 law office recognizes that in the modern business world, companies face a number of legal and regulatory challenges.\u00a0 Understanding each company&#8217;s business is key to making the right decisions and identifying potential risks.\u00a0 Accordingly, we provide comprehensive legal consulting services, starting with the establishment of companies, through business compliance, to all kinds&hellip;","_links":{"self":[{"href":"https:\/\/www.iliclegal.rs\/sr\/wp-json\/wp\/v2\/pages\/627","targetHints":{"allow":["GET"]}}],"collection":[{"href":"https:\/\/www.iliclegal.rs\/sr\/wp-json\/wp\/v2\/pages"}],"about":[{"href":"https:\/\/www.iliclegal.rs\/sr\/wp-json\/wp\/v2\/types\/page"}],"author":[{"embeddable":true,"href":"https:\/\/www.iliclegal.rs\/sr\/wp-json\/wp\/v2\/users\/1"}],"replies":[{"embeddable":true,"href":"https:\/\/www.iliclegal.rs\/sr\/wp-json\/wp\/v2\/comments?post=627"}],"version-history":[{"count":122,"href":"https:\/\/www.iliclegal.rs\/sr\/wp-json\/wp\/v2\/pages\/627\/revisions"}],"predecessor-version":[{"id":2383,"href":"https:\/\/www.iliclegal.rs\/sr\/wp-json\/wp\/v2\/pages\/627\/revisions\/2383"}],"wp:attachment":[{"href":"https:\/\/www.iliclegal.rs\/sr\/wp-json\/wp\/v2\/media?parent=627"}],"wp:term":[{"taxonomy":"category","embeddable":true,"href":"https:\/\/www.iliclegal.rs\/sr\/wp-json\/wp\/v2\/categories?post=627"},{"taxonomy":"post_tag","embeddable":true,"href":"https:\/\/www.iliclegal.rs\/sr\/wp-json\/wp\/v2\/tags?post=627"}],"curies":[{"name":"wp","href":"https:\/\/api.w.org\/{rel}","templated":true}]}}