{"id":629,"date":"2025-10-25T11:53:34","date_gmt":"2025-10-25T11:53:34","guid":{"rendered":"https:\/\/www.iliclegal.rs\/?page_id=629"},"modified":"2025-10-29T06:11:57","modified_gmt":"2025-10-29T06:11:57","slug":"employment","status":"publish","type":"page","link":"https:\/\/www.iliclegal.rs\/sr\/employment\/","title":{"rendered":"Radno pravo"},"content":{"rendered":"<div data-elementor-type=\"wp-page\" data-elementor-id=\"629\" class=\"elementor elementor-629\">\n\t\t\t\t<div class=\"elementor-element elementor-element-76af686 e-flex e-con-boxed elementor-invisible e-con e-parent\" data-id=\"76af686\" data-element_type=\"container\" data-settings=\"{&quot;animation&quot;:&quot;fadeIn&quot;}\">\n\t\t\t\t\t<div class=\"e-con-inner\">\n\t\t<div class=\"elementor-element elementor-element-fa6c6ff e-con-full e-flex e-con e-child\" data-id=\"fa6c6ff\" data-element_type=\"container\">\n\t\t\t\t<div class=\"elementor-element elementor-element-b5d7bc9 elementor-widget elementor-widget-text-editor\" data-id=\"b5d7bc9\" data-element_type=\"widget\" data-widget_type=\"text-editor.default\">\n\t\t\t\t\t\t\t\t\t<p>Zakon o radu reguli\u0161e odnos izme\u0111u poslodavaca i zaposlenih, postavljajuc\u0301i okvir za prava, odgovornosti i za\u0161titu na radnom mestu. Njegov primarni cilj je da obezbedi pravedan tretman, spre\u010di diskriminaciju i reguli\u0161e uslove rada.<\/p><p>Sa velikim uspehom, na\u0161 tim savetuje kod izrade svih vrsta ugovora o radu, op\u0161tih internih akata, prekida radnog odnosa, kao i radnim sporovima.<\/p>\t\t\t\t\t\t\t\t<\/div>\n\t\t\t\t<\/div>\n\t\t<div class=\"elementor-element elementor-element-2ba0114 e-con-full e-flex e-con e-child\" data-id=\"2ba0114\" data-element_type=\"container\">\n\t\t\t\t<div class=\"elementor-element elementor-element-7867566 elementor-widget elementor-widget-image\" data-id=\"7867566\" data-element_type=\"widget\" data-widget_type=\"image.default\">\n\t\t\t\t\t\t\t\t\t\t\t\t\t\t\t<img fetchpriority=\"high\" decoding=\"async\" width=\"950\" height=\"634\" src=\"https:\/\/www.iliclegal.rs\/wp-content\/uploads\/2025\/10\/international-worker-s-day-with-engineer-tools-5-1024x683.jpg\" class=\"attachment-large size-large wp-image-867\" alt=\"\" srcset=\"https:\/\/www.iliclegal.rs\/wp-content\/uploads\/2025\/10\/international-worker-s-day-with-engineer-tools-5-1024x683.jpg 1024w, https:\/\/www.iliclegal.rs\/wp-content\/uploads\/2025\/10\/international-worker-s-day-with-engineer-tools-5-300x200.jpg 300w, https:\/\/www.iliclegal.rs\/wp-content\/uploads\/2025\/10\/international-worker-s-day-with-engineer-tools-5-768x512.jpg 768w, https:\/\/www.iliclegal.rs\/wp-content\/uploads\/2025\/10\/international-worker-s-day-with-engineer-tools-5-1536x1024.jpg 1536w, https:\/\/www.iliclegal.rs\/wp-content\/uploads\/2025\/10\/international-worker-s-day-with-engineer-tools-5-2048x1365.jpg 2048w, https:\/\/www.iliclegal.rs\/wp-content\/uploads\/2025\/10\/international-worker-s-day-with-engineer-tools-5-scaled-18x12.jpg 18w\" sizes=\"100vw\" \/>\t\t\t\t\t\t\t\t\t\t\t\t\t\t\t<\/div>\n\t\t\t\t<\/div>\n\t\t\t\t\t<\/div>\n\t\t\t\t<\/div>\n\t\t\t\t<\/div>","protected":false},"excerpt":{"rendered":"<p>Employment law governs the relationship between employers and employees, setting the framework for rights, responsibilities, and protections in the workplace. Its primary goal is to ensure fair treatment, prevent discrimination, and regulate working conditions. With a track record of success, our team provides expert guidance on drafting all types of employment contracts, preparing internal workplace &hellip; <\/p>\n<p class=\"link-more\"><a href=\"https:\/\/www.iliclegal.rs\/sr\/employment\/\" class=\"more-link\">Read more<span class=\"screen-reader-text\"> &#8220;Employment&#8221;<\/span><\/a><\/p>","protected":false},"author":1,"featured_media":0,"parent":0,"menu_order":0,"comment_status":"closed","ping_status":"closed","template":"","meta":{"om_disable_all_campaigns":false,"inline_featured_image":false,"_uag_custom_page_level_css":"","_monsterinsights_skip_tracking":false,"_monsterinsights_sitenote_active":false,"_monsterinsights_sitenote_note":"","_monsterinsights_sitenote_category":0,"_uf_show_specific_survey":0,"_uf_disable_surveys":false,"footnotes":""},"categories":[],"tags":[],"class_list":["post-629","page","type-page","status-publish","hentry"],"aioseo_notices":[],"uagb_featured_image_src":{"full":false,"thumbnail":false,"medium":false,"medium_large":false,"large":false,"wptexture_category_image":false,"1536x1536":false,"2048x2048":false,"trp-custom-language-flag":false,"inspiro-featured-image":false,"inspiro-loop":false,"inspiro-loop@2x":false,"bdpp-medium":false},"uagb_author_info":{"display_name":"iliclegal.rs","author_link":"https:\/\/www.iliclegal.rs\/sr\/author\/iliclegal-rs\/"},"uagb_comment_info":0,"uagb_excerpt":"Employment law governs the relationship between employers and employees, setting the framework for rights, responsibilities, and protections in the workplace. Its primary goal is to ensure fair treatment, prevent discrimination, and regulate working conditions. With a track record of success, our team provides expert guidance on drafting all types of employment contracts, preparing internal workplace&hellip;","_links":{"self":[{"href":"https:\/\/www.iliclegal.rs\/sr\/wp-json\/wp\/v2\/pages\/629","targetHints":{"allow":["GET"]}}],"collection":[{"href":"https:\/\/www.iliclegal.rs\/sr\/wp-json\/wp\/v2\/pages"}],"about":[{"href":"https:\/\/www.iliclegal.rs\/sr\/wp-json\/wp\/v2\/types\/page"}],"author":[{"embeddable":true,"href":"https:\/\/www.iliclegal.rs\/sr\/wp-json\/wp\/v2\/users\/1"}],"replies":[{"embeddable":true,"href":"https:\/\/www.iliclegal.rs\/sr\/wp-json\/wp\/v2\/comments?post=629"}],"version-history":[{"count":74,"href":"https:\/\/www.iliclegal.rs\/sr\/wp-json\/wp\/v2\/pages\/629\/revisions"}],"predecessor-version":[{"id":2386,"href":"https:\/\/www.iliclegal.rs\/sr\/wp-json\/wp\/v2\/pages\/629\/revisions\/2386"}],"wp:attachment":[{"href":"https:\/\/www.iliclegal.rs\/sr\/wp-json\/wp\/v2\/media?parent=629"}],"wp:term":[{"taxonomy":"category","embeddable":true,"href":"https:\/\/www.iliclegal.rs\/sr\/wp-json\/wp\/v2\/categories?post=629"},{"taxonomy":"post_tag","embeddable":true,"href":"https:\/\/www.iliclegal.rs\/sr\/wp-json\/wp\/v2\/tags?post=629"}],"curies":[{"name":"wp","href":"https:\/\/api.w.org\/{rel}","templated":true}]}}