{"id":630,"date":"2025-10-25T11:53:34","date_gmt":"2025-10-25T11:53:34","guid":{"rendered":"https:\/\/www.iliclegal.rs\/?page_id=630"},"modified":"2025-10-27T09:01:08","modified_gmt":"2025-10-27T09:01:08","slug":"real-estate","status":"publish","type":"page","link":"https:\/\/www.iliclegal.rs\/sr\/real-estate\/","title":{"rendered":"Pravo nepokretnosti"},"content":{"rendered":"<div data-elementor-type=\"wp-page\" data-elementor-id=\"630\" class=\"elementor elementor-630\">\n\t\t\t\t<div class=\"elementor-element elementor-element-41ab546 e-con-full e-flex elementor-invisible e-con e-parent\" data-id=\"41ab546\" data-element_type=\"container\" data-settings=\"{&quot;animation&quot;:&quot;fadeIn&quot;}\">\n\t\t<div class=\"elementor-element elementor-element-2f25945 e-con-full e-flex e-con e-child\" data-id=\"2f25945\" data-element_type=\"container\">\n\t\t\t\t<div class=\"elementor-element elementor-element-7eb7072 elementor-widget elementor-widget-text-editor\" data-id=\"7eb7072\" data-element_type=\"widget\" data-widget_type=\"text-editor.default\">\n\t\t\t\t\t\t\t\t\t<p>Imati profesionalnu advokatsku podr\u0161ku prilikom poslovanja sa nekretninama je klju\u010dno jer su transakcije sa nekretninama pravno slo\u017eene i nose zna\u010dajan finansijski rizik.<\/p><p>Klju\u010dne pravne usluge u vezi sa nekretninama koje advokatska kancelarija pru\u017ea: promet nekretnosti, sastavljanje i pregled ugovora o prodaji i kupovini, pomoc\u0301 pri prenosu i registraciji imovine, provere vlasni\u0161tva, sastav ugovora o zakupu, pravna podr\u0161ka za sticanje zemlji\u0161ta i uskla\u0111enost sa propisima o zoniranju, kao i sastavljanje ugovora i sporazuma o izgradnji i deobi<\/p>\t\t\t\t\t\t\t\t<\/div>\n\t\t\t\t<\/div>\n\t\t<div class=\"elementor-element elementor-element-7af0182 e-con-full e-flex e-con e-child\" data-id=\"7af0182\" data-element_type=\"container\">\n\t\t\t\t<div class=\"elementor-element elementor-element-ddcf451 elementor-widget elementor-widget-image\" data-id=\"ddcf451\" data-element_type=\"widget\" data-widget_type=\"image.default\">\n\t\t\t\t\t\t\t\t\t\t\t\t\t\t\t<img fetchpriority=\"high\" decoding=\"async\" width=\"950\" height=\"617\" src=\"https:\/\/www.iliclegal.rs\/wp-content\/uploads\/2025\/10\/modern-office-building-6-1024x665.jpg\" class=\"attachment-large size-large wp-image-272\" alt=\"\" srcset=\"https:\/\/www.iliclegal.rs\/wp-content\/uploads\/2025\/10\/modern-office-building-6-1024x665.jpg 1024w, https:\/\/www.iliclegal.rs\/wp-content\/uploads\/2025\/10\/modern-office-building-6-300x195.jpg 300w, https:\/\/www.iliclegal.rs\/wp-content\/uploads\/2025\/10\/modern-office-building-6-768x499.jpg 768w, https:\/\/www.iliclegal.rs\/wp-content\/uploads\/2025\/10\/modern-office-building-6-1536x997.jpg 1536w, https:\/\/www.iliclegal.rs\/wp-content\/uploads\/2025\/10\/modern-office-building-6-2048x1330.jpg 2048w, https:\/\/www.iliclegal.rs\/wp-content\/uploads\/2025\/10\/modern-office-building-6-scaled-18x12.jpg 18w, https:\/\/www.iliclegal.rs\/wp-content\/uploads\/2025\/10\/modern-office-building-6-scaled-2000x1298.jpg 2000w\" sizes=\"100vw\" \/>\t\t\t\t\t\t\t\t\t\t\t\t\t\t\t<\/div>\n\t\t\t\t<\/div>\n\t\t\t\t<\/div>\n\t\t\t\t<\/div>","protected":false},"excerpt":{"rendered":"<p>Having a professional lawyer support when dealing with real estate is crucial because real estate transactions are legally complex and involve significant financial risk. Key Real Estate legal services that Law office provides: Property Transactions, Drafting and reviewing sale and purchase agreements, assisting with property transfers and registration, Conducting title searches and due diligence, Leases &hellip; <\/p>\n<p class=\"link-more\"><a href=\"https:\/\/www.iliclegal.rs\/sr\/real-estate\/\" class=\"more-link\">Read more<span class=\"screen-reader-text\"> &#8220;Real Estate&#8221;<\/span><\/a><\/p>","protected":false},"author":1,"featured_media":0,"parent":0,"menu_order":0,"comment_status":"closed","ping_status":"closed","template":"","meta":{"om_disable_all_campaigns":false,"inline_featured_image":false,"_uag_custom_page_level_css":"","_monsterinsights_skip_tracking":false,"_monsterinsights_sitenote_active":false,"_monsterinsights_sitenote_note":"","_monsterinsights_sitenote_category":0,"_uf_show_specific_survey":0,"_uf_disable_surveys":false,"footnotes":""},"categories":[],"tags":[],"class_list":["post-630","page","type-page","status-publish","hentry"],"aioseo_notices":[],"uagb_featured_image_src":{"full":false,"thumbnail":false,"medium":false,"medium_large":false,"large":false,"wptexture_category_image":false,"1536x1536":false,"2048x2048":false,"trp-custom-language-flag":false,"inspiro-featured-image":false,"inspiro-loop":false,"inspiro-loop@2x":false,"bdpp-medium":false},"uagb_author_info":{"display_name":"iliclegal.rs","author_link":"https:\/\/www.iliclegal.rs\/sr\/author\/iliclegal-rs\/"},"uagb_comment_info":0,"uagb_excerpt":"Having a professional lawyer support when dealing with real estate is crucial because real estate transactions are legally complex and involve significant financial risk. Key Real Estate legal services that Law office provides: Property Transactions, Drafting and reviewing sale and purchase agreements, assisting with property transfers and registration, Conducting title searches and due diligence, Leases&hellip;","_links":{"self":[{"href":"https:\/\/www.iliclegal.rs\/sr\/wp-json\/wp\/v2\/pages\/630","targetHints":{"allow":["GET"]}}],"collection":[{"href":"https:\/\/www.iliclegal.rs\/sr\/wp-json\/wp\/v2\/pages"}],"about":[{"href":"https:\/\/www.iliclegal.rs\/sr\/wp-json\/wp\/v2\/types\/page"}],"author":[{"embeddable":true,"href":"https:\/\/www.iliclegal.rs\/sr\/wp-json\/wp\/v2\/users\/1"}],"replies":[{"embeddable":true,"href":"https:\/\/www.iliclegal.rs\/sr\/wp-json\/wp\/v2\/comments?post=630"}],"version-history":[{"count":75,"href":"https:\/\/www.iliclegal.rs\/sr\/wp-json\/wp\/v2\/pages\/630\/revisions"}],"predecessor-version":[{"id":2389,"href":"https:\/\/www.iliclegal.rs\/sr\/wp-json\/wp\/v2\/pages\/630\/revisions\/2389"}],"wp:attachment":[{"href":"https:\/\/www.iliclegal.rs\/sr\/wp-json\/wp\/v2\/media?parent=630"}],"wp:term":[{"taxonomy":"category","embeddable":true,"href":"https:\/\/www.iliclegal.rs\/sr\/wp-json\/wp\/v2\/categories?post=630"},{"taxonomy":"post_tag","embeddable":true,"href":"https:\/\/www.iliclegal.rs\/sr\/wp-json\/wp\/v2\/tags?post=630"}],"curies":[{"name":"wp","href":"https:\/\/api.w.org\/{rel}","templated":true}]}}