{"id":631,"date":"2025-10-25T11:53:34","date_gmt":"2025-10-25T11:53:34","guid":{"rendered":"https:\/\/www.iliclegal.rs\/?page_id=631"},"modified":"2025-10-27T09:01:39","modified_gmt":"2025-10-27T09:01:39","slug":"litigation","status":"publish","type":"page","link":"https:\/\/www.iliclegal.rs\/sr\/litigation\/","title":{"rendered":"Sudski sporovi"},"content":{"rendered":"<div data-elementor-type=\"wp-page\" data-elementor-id=\"631\" class=\"elementor elementor-631\">\n\t\t\t\t<div class=\"elementor-element elementor-element-07ec3ff e-flex e-con-boxed e-con e-parent\" data-id=\"07ec3ff\" data-element_type=\"container\">\n\t\t\t\t\t<div class=\"e-con-inner\">\n\t\t<div class=\"elementor-element elementor-element-5991ef8 e-con-full e-flex e-con e-child\" data-id=\"5991ef8\" data-element_type=\"container\">\n\t\t\t\t<div class=\"elementor-element elementor-element-11ea271 elementor-invisible elementor-widget elementor-widget-text-editor\" data-id=\"11ea271\" data-element_type=\"widget\" data-settings=\"{&quot;_animation&quot;:&quot;fadeInDown&quot;}\" data-widget_type=\"text-editor.default\">\n\t\t\t\t\t\t\t\t\t<p>Usluge parni\u010dnog prava obuhvataju zastupanje klijenata u gra\u0111anskim, radnim, statusnim i privrednim sporovima pred sudovima op\u0161te i posebne nadle\u017enstosti, kao i u arbitra\u017eama.<\/p>\t\t\t\t\t\t\t\t<\/div>\n\t\t\t\t<\/div>\n\t\t<div class=\"elementor-element elementor-element-9b4dd18 e-con-full e-flex e-con e-child\" data-id=\"9b4dd18\" data-element_type=\"container\">\n\t\t\t\t<div class=\"elementor-element elementor-element-c3709a8 elementor-invisible elementor-widget elementor-widget-image\" data-id=\"c3709a8\" data-element_type=\"widget\" data-settings=\"{&quot;_animation&quot;:&quot;fadeInDown&quot;}\" data-widget_type=\"image.default\">\n\t\t\t\t\t\t\t\t\t\t\t\t\t\t\t<img fetchpriority=\"high\" decoding=\"async\" width=\"950\" height=\"634\" src=\"https:\/\/www.iliclegal.rs\/wp-content\/uploads\/2025\/10\/high-angle-shot-gavel-lawsuit-papers-wooden-surface-1024x683.jpg\" class=\"attachment-large size-large wp-image-878\" alt=\"\" srcset=\"https:\/\/www.iliclegal.rs\/wp-content\/uploads\/2025\/10\/high-angle-shot-gavel-lawsuit-papers-wooden-surface-1024x683.jpg 1024w, https:\/\/www.iliclegal.rs\/wp-content\/uploads\/2025\/10\/high-angle-shot-gavel-lawsuit-papers-wooden-surface-300x200.jpg 300w, https:\/\/www.iliclegal.rs\/wp-content\/uploads\/2025\/10\/high-angle-shot-gavel-lawsuit-papers-wooden-surface-768x512.jpg 768w, https:\/\/www.iliclegal.rs\/wp-content\/uploads\/2025\/10\/high-angle-shot-gavel-lawsuit-papers-wooden-surface-1536x1024.jpg 1536w, https:\/\/www.iliclegal.rs\/wp-content\/uploads\/2025\/10\/high-angle-shot-gavel-lawsuit-papers-wooden-surface-2048x1365.jpg 2048w, https:\/\/www.iliclegal.rs\/wp-content\/uploads\/2025\/10\/high-angle-shot-gavel-lawsuit-papers-wooden-surface-scaled-18x12.jpg 18w, https:\/\/www.iliclegal.rs\/wp-content\/uploads\/2025\/10\/high-angle-shot-gavel-lawsuit-papers-wooden-surface-scaled-2000x1334.jpg 2000w\" sizes=\"100vw\" \/>\t\t\t\t\t\t\t\t\t\t\t\t\t\t\t<\/div>\n\t\t\t\t<\/div>\n\t\t\t\t\t<\/div>\n\t\t\t\t<\/div>\n\t\t\t\t<\/div>","protected":false},"excerpt":{"rendered":"<p>Usluge parni\u010dnog prava obuhvataju zastupanje klijenata u gra\u0111anskim, radnim, statusnim i privrednim sporovima pred sudovima op\u0161te i posebne nadle\u017enstosti, kao i u arbitra\u017eama.<\/p>","protected":false},"author":1,"featured_media":0,"parent":0,"menu_order":0,"comment_status":"closed","ping_status":"closed","template":"","meta":{"om_disable_all_campaigns":false,"inline_featured_image":false,"_uag_custom_page_level_css":"","_monsterinsights_skip_tracking":false,"_monsterinsights_sitenote_active":false,"_monsterinsights_sitenote_note":"","_monsterinsights_sitenote_category":0,"_uf_show_specific_survey":0,"_uf_disable_surveys":false,"footnotes":""},"categories":[],"tags":[],"class_list":["post-631","page","type-page","status-publish","hentry"],"aioseo_notices":[],"uagb_featured_image_src":{"full":false,"thumbnail":false,"medium":false,"medium_large":false,"large":false,"wptexture_category_image":false,"1536x1536":false,"2048x2048":false,"trp-custom-language-flag":false,"inspiro-featured-image":false,"inspiro-loop":false,"inspiro-loop@2x":false,"bdpp-medium":false},"uagb_author_info":{"display_name":"iliclegal.rs","author_link":"https:\/\/www.iliclegal.rs\/sr\/author\/iliclegal-rs\/"},"uagb_comment_info":0,"uagb_excerpt":"Litigation law services includes representing clients in civil, labour, commercial, and corporate disputes before courts, tribunals, and arbitration panels.","_links":{"self":[{"href":"https:\/\/www.iliclegal.rs\/sr\/wp-json\/wp\/v2\/pages\/631","targetHints":{"allow":["GET"]}}],"collection":[{"href":"https:\/\/www.iliclegal.rs\/sr\/wp-json\/wp\/v2\/pages"}],"about":[{"href":"https:\/\/www.iliclegal.rs\/sr\/wp-json\/wp\/v2\/types\/page"}],"author":[{"embeddable":true,"href":"https:\/\/www.iliclegal.rs\/sr\/wp-json\/wp\/v2\/users\/1"}],"replies":[{"embeddable":true,"href":"https:\/\/www.iliclegal.rs\/sr\/wp-json\/wp\/v2\/comments?post=631"}],"version-history":[{"count":24,"href":"https:\/\/www.iliclegal.rs\/sr\/wp-json\/wp\/v2\/pages\/631\/revisions"}],"predecessor-version":[{"id":2392,"href":"https:\/\/www.iliclegal.rs\/sr\/wp-json\/wp\/v2\/pages\/631\/revisions\/2392"}],"wp:attachment":[{"href":"https:\/\/www.iliclegal.rs\/sr\/wp-json\/wp\/v2\/media?parent=631"}],"wp:term":[{"taxonomy":"category","embeddable":true,"href":"https:\/\/www.iliclegal.rs\/sr\/wp-json\/wp\/v2\/categories?post=631"},{"taxonomy":"post_tag","embeddable":true,"href":"https:\/\/www.iliclegal.rs\/sr\/wp-json\/wp\/v2\/tags?post=631"}],"curies":[{"name":"wp","href":"https:\/\/api.w.org\/{rel}","templated":true}]}}