{"id":632,"date":"2025-10-25T11:53:34","date_gmt":"2025-10-25T11:53:34","guid":{"rendered":"https:\/\/www.iliclegal.rs\/?page_id=632"},"modified":"2025-10-27T09:02:07","modified_gmt":"2025-10-27T09:02:07","slug":"banking-finance","status":"publish","type":"page","link":"https:\/\/www.iliclegal.rs\/sr\/banking-finance\/","title":{"rendered":"Bankarstvo i finansije"},"content":{"rendered":"<div data-elementor-type=\"wp-page\" data-elementor-id=\"632\" class=\"elementor elementor-632\">\n\t\t\t\t<div class=\"elementor-element elementor-element-f86b0b7 e-flex e-con-boxed elementor-invisible e-con e-parent\" data-id=\"f86b0b7\" data-element_type=\"container\" data-settings=\"{&quot;animation&quot;:&quot;fadeInDown&quot;}\">\n\t\t\t\t\t<div class=\"e-con-inner\">\n\t\t<div class=\"elementor-element elementor-element-61aa5ea e-con-full e-flex e-con e-child\" data-id=\"61aa5ea\" data-element_type=\"container\">\n\t\t\t\t<div class=\"elementor-element elementor-element-f2720dc elementor-widget elementor-widget-image\" data-id=\"f2720dc\" data-element_type=\"widget\" data-widget_type=\"image.default\">\n\t\t\t\t\t\t\t\t\t\t\t\t\t\t\t<img fetchpriority=\"high\" decoding=\"async\" width=\"950\" height=\"631\" src=\"https:\/\/www.iliclegal.rs\/wp-content\/uploads\/2025\/10\/hand-inserting-atm-card-into-bank-machine-withdraw-money-businessman-men-hand-puts-credit-card-into-atm-1-1024x680.jpg\" class=\"attachment-large size-large wp-image-887\" alt=\"\" srcset=\"https:\/\/www.iliclegal.rs\/wp-content\/uploads\/2025\/10\/hand-inserting-atm-card-into-bank-machine-withdraw-money-businessman-men-hand-puts-credit-card-into-atm-1-1024x680.jpg 1024w, https:\/\/www.iliclegal.rs\/wp-content\/uploads\/2025\/10\/hand-inserting-atm-card-into-bank-machine-withdraw-money-businessman-men-hand-puts-credit-card-into-atm-1-300x199.jpg 300w, https:\/\/www.iliclegal.rs\/wp-content\/uploads\/2025\/10\/hand-inserting-atm-card-into-bank-machine-withdraw-money-businessman-men-hand-puts-credit-card-into-atm-1-768x510.jpg 768w, https:\/\/www.iliclegal.rs\/wp-content\/uploads\/2025\/10\/hand-inserting-atm-card-into-bank-machine-withdraw-money-businessman-men-hand-puts-credit-card-into-atm-1-1536x1020.jpg 1536w, https:\/\/www.iliclegal.rs\/wp-content\/uploads\/2025\/10\/hand-inserting-atm-card-into-bank-machine-withdraw-money-businessman-men-hand-puts-credit-card-into-atm-1-2048x1360.jpg 2048w, https:\/\/www.iliclegal.rs\/wp-content\/uploads\/2025\/10\/hand-inserting-atm-card-into-bank-machine-withdraw-money-businessman-men-hand-puts-credit-card-into-atm-1-scaled-18x12.jpg 18w, https:\/\/www.iliclegal.rs\/wp-content\/uploads\/2025\/10\/hand-inserting-atm-card-into-bank-machine-withdraw-money-businessman-men-hand-puts-credit-card-into-atm-1-scaled-2000x1328.jpg 2000w\" sizes=\"100vw\" \/>\t\t\t\t\t\t\t\t\t\t\t\t\t\t\t<\/div>\n\t\t\t\t<\/div>\n\t\t<div class=\"elementor-element elementor-element-90e7161 e-con-full e-flex e-con e-child\" data-id=\"90e7161\" data-element_type=\"container\">\n\t\t\t\t<div class=\"elementor-element elementor-element-65f3e32 elementor-widget elementor-widget-text-editor\" data-id=\"65f3e32\" data-element_type=\"widget\" data-widget_type=\"text-editor.default\">\n\t\t\t\t\t\t\t\t\t<p>Poma\u017eemo klijentima tokom celog procesa otvaranja bankovnog ra\u010duna, pru\u017eajuc\u0301i smernice i podr\u0161ku kako bismo osigurali nesmetan i efikasan postupak. Na\u0161e usluge uklju\u010duju pripremu sve potrebne dokumentacije, saradnju sa bankarskim institucijama i obezbe\u0111ivanje uskla\u0111enosti sa regulatornim zahtevima. Posebno savetujemo klijente o obavezama u vezi sa stvarnim vlasni\u0161tvom, poma\u017euc\u0301i im da ta\u010dno otkriju strukture vlasni\u0161tva u skladu sa lokalnim i me\u0111unarodnim propisima, uz o\u010duvanje poverljivosti i operativne efikasnosti. Na\u0161 cilj je da pojednostavimo slo\u017eene bankarske procedure i pru\u017eimo klijentima du\u0161evni mir u snala\u017eenju u regulatornim obavezama.<\/p>\t\t\t\t\t\t\t\t<\/div>\n\t\t\t\t<\/div>\n\t\t\t\t\t<\/div>\n\t\t\t\t<\/div>\n\t\t\t\t<\/div>","protected":false},"excerpt":{"rendered":"<p>We assist clients throughout the entire bank account opening process, providing guidance and support to ensure a smooth and efficient procedure. Our services include preparing all necessary documentation, liaising with banking institutions, and ensuring compliance with regulatory requirements. In particular, we advise clients on beneficial ownership obligations, helping them accurately disclose ownership structures in line &hellip; <\/p>\n<p class=\"link-more\"><a href=\"https:\/\/www.iliclegal.rs\/sr\/banking-finance\/\" class=\"more-link\">Read more<span class=\"screen-reader-text\"> &#8220;Banking &#038; Finance&#8221;<\/span><\/a><\/p>","protected":false},"author":1,"featured_media":0,"parent":0,"menu_order":0,"comment_status":"closed","ping_status":"closed","template":"","meta":{"om_disable_all_campaigns":false,"inline_featured_image":false,"_uag_custom_page_level_css":"","_monsterinsights_skip_tracking":false,"_monsterinsights_sitenote_active":false,"_monsterinsights_sitenote_note":"","_monsterinsights_sitenote_category":0,"_uf_show_specific_survey":0,"_uf_disable_surveys":false,"footnotes":""},"categories":[],"tags":[],"class_list":["post-632","page","type-page","status-publish","hentry"],"aioseo_notices":[],"uagb_featured_image_src":{"full":false,"thumbnail":false,"medium":false,"medium_large":false,"large":false,"wptexture_category_image":false,"1536x1536":false,"2048x2048":false,"trp-custom-language-flag":false,"inspiro-featured-image":false,"inspiro-loop":false,"inspiro-loop@2x":false,"bdpp-medium":false},"uagb_author_info":{"display_name":"iliclegal.rs","author_link":"https:\/\/www.iliclegal.rs\/sr\/author\/iliclegal-rs\/"},"uagb_comment_info":0,"uagb_excerpt":"We assist clients throughout the entire bank account opening process, providing guidance and support to ensure a smooth and efficient procedure. Our services include preparing all necessary documentation, liaising with banking institutions, and ensuring compliance with regulatory requirements. In particular, we advise clients on beneficial ownership obligations, helping them accurately disclose ownership structures in line&hellip;","_links":{"self":[{"href":"https:\/\/www.iliclegal.rs\/sr\/wp-json\/wp\/v2\/pages\/632","targetHints":{"allow":["GET"]}}],"collection":[{"href":"https:\/\/www.iliclegal.rs\/sr\/wp-json\/wp\/v2\/pages"}],"about":[{"href":"https:\/\/www.iliclegal.rs\/sr\/wp-json\/wp\/v2\/types\/page"}],"author":[{"embeddable":true,"href":"https:\/\/www.iliclegal.rs\/sr\/wp-json\/wp\/v2\/users\/1"}],"replies":[{"embeddable":true,"href":"https:\/\/www.iliclegal.rs\/sr\/wp-json\/wp\/v2\/comments?post=632"}],"version-history":[{"count":44,"href":"https:\/\/www.iliclegal.rs\/sr\/wp-json\/wp\/v2\/pages\/632\/revisions"}],"predecessor-version":[{"id":2395,"href":"https:\/\/www.iliclegal.rs\/sr\/wp-json\/wp\/v2\/pages\/632\/revisions\/2395"}],"wp:attachment":[{"href":"https:\/\/www.iliclegal.rs\/sr\/wp-json\/wp\/v2\/media?parent=632"}],"wp:term":[{"taxonomy":"category","embeddable":true,"href":"https:\/\/www.iliclegal.rs\/sr\/wp-json\/wp\/v2\/categories?post=632"},{"taxonomy":"post_tag","embeddable":true,"href":"https:\/\/www.iliclegal.rs\/sr\/wp-json\/wp\/v2\/tags?post=632"}],"curies":[{"name":"wp","href":"https:\/\/api.w.org\/{rel}","templated":true}]}}